{"id":94,"date":"2025-03-12T20:52:08","date_gmt":"2025-03-12T20:52:08","guid":{"rendered":"https:\/\/www.gric-it.com\/?page_id=94"},"modified":"2025-04-08T11:40:48","modified_gmt":"2025-04-08T11:40:48","slug":"active-directory-audit","status":"publish","type":"page","link":"https:\/\/www.gric-it.com\/?page_id=94","title":{"rendered":"Active Directory Audit"},"content":{"rendered":"\n<p>Sie betreiben, wie die meisten Unternehmen, ein Windows-basiertes Netzwerk, mit oder ohne Microsoft 365 Einbindung? Ist ihr Netzwerk und sind ihre Systeme so konfiguriert, das sie Angreifern standhalten? <\/p>\n\n\n\n<p>Konfigurationen m\u00fcssen regelm\u00e4\u00dfig angepasst werden, um auch neueren Angriffen nicht verwundbar zu sein, und neue Sicherheitsfeatures aktivieren sich selten von alleine. <\/p>\n\n\n\n<p>Wir pr\u00fcfen ihre Umgebung mit verschiedenen Werkzeugen, und stellen ihnen die Ergebnisse in einem umfassenden Bericht mit konkreten Handlungsempfehlungen vor.<\/p>\n\n\n\n<p>Gerne <a href=\"https:\/\/www.gric-it.com\/?page_id=124\" data-type=\"page\" data-id=\"124\">begleiten <\/a>wir sie und ihr IT-Team bei der Umsetzung der Empfehlungen.<\/p>\n\n\n\n<p><\/p>\n","protected":false},"excerpt":{"rendered":"<p>Sie betreiben, wie die meisten Unternehmen, ein Windows-basiertes Netzwerk, mit oder ohne Microsoft 365 Einbindung? Ist ihr Netzwerk und sind ihre Systeme so konfiguriert, das sie Angreifern standhalten? Konfigurationen m\u00fcssen &#8230;<\/p>\n","protected":false},"author":1,"featured_media":0,"parent":0,"menu_order":0,"comment_status":"closed","ping_status":"closed","template":"template-fullwidth.php","meta":{"footnotes":""},"class_list":["post-94","page","type-page","status-publish","hentry"],"_links":{"self":[{"href":"https:\/\/www.gric-it.com\/index.php?rest_route=\/wp\/v2\/pages\/94","targetHints":{"allow":["GET"]}}],"collection":[{"href":"https:\/\/www.gric-it.com\/index.php?rest_route=\/wp\/v2\/pages"}],"about":[{"href":"https:\/\/www.gric-it.com\/index.php?rest_route=\/wp\/v2\/types\/page"}],"author":[{"embeddable":true,"href":"https:\/\/www.gric-it.com\/index.php?rest_route=\/wp\/v2\/users\/1"}],"replies":[{"embeddable":true,"href":"https:\/\/www.gric-it.com\/index.php?rest_route=%2Fwp%2Fv2%2Fcomments&post=94"}],"version-history":[{"count":3,"href":"https:\/\/www.gric-it.com\/index.php?rest_route=\/wp\/v2\/pages\/94\/revisions"}],"predecessor-version":[{"id":135,"href":"https:\/\/www.gric-it.com\/index.php?rest_route=\/wp\/v2\/pages\/94\/revisions\/135"}],"wp:attachment":[{"href":"https:\/\/www.gric-it.com\/index.php?rest_route=%2Fwp%2Fv2%2Fmedia&parent=94"}],"curies":[{"name":"wp","href":"https:\/\/api.w.org\/{rel}","templated":true}]}}