{"id":43,"date":"2025-03-10T21:34:51","date_gmt":"2025-03-10T21:34:51","guid":{"rendered":"https:\/\/www.gric-it.com\/?page_id=43"},"modified":"2025-09-24T21:31:59","modified_gmt":"2025-09-24T21:31:59","slug":"compliance-check","status":"publish","type":"page","link":"https:\/\/www.gric-it.com\/?page_id=43","title":{"rendered":"Audits &amp; IT Checks"},"content":{"rendered":"\n<p>Cyber Security pr\u00fcfen \u2013 unabh\u00e4ngig, verst\u00e4ndlich, wirksam<\/p>\n\n\n\n<p>Wie sicher ist Ihr Unternehmen wirklich? Unsere unabh\u00e4ngigen Audits geben Ihnen eine ehrliche, fundierte Einsch\u00e4tzung \u2013 klar aufbereitet und fokussiert auf das Wesentliche f\u00fcr Ihre Entscheidungen. Wir arbeiten mit anerkannten Standards wie ISO 27001, VdS 10000, DIN SPEC 27076 sowie BSI Grundschutz, ISO 27002 oder den CIS Controls. Sie erhalten damit die Grundlage, Cyber-Risiken richtig einzuordnen und Investitionen gezielt zu steuern.<\/p>\n\n\n\n<p>Weil niemand sich selbst objektiv pr\u00fcfen kann, bringen wir den neutralen Blick von au\u00dfen ein. Wir identifizieren Schwachstellen, zeigen Risiken auf und priorisieren Ma\u00dfnahmen nach Aufwand und Relevanz. So wissen Sie als Gesch\u00e4ftsf\u00fchrung oder Bereichsleitung schnell, was wirklich wichtig ist.<\/p>\n\n\n\n<p>Unsere Leistungen umfassen verschiedene Audit-Typen, die wir klar und verst\u00e4ndlich aufbereiten:<\/p>\n\n\n\n<h3 class=\"wp-block-heading\">Technische Audits<\/h3>\n\n\n\n<p>Sie m\u00f6chten wissen, ob Ihre IT nach Stand der Technik resilient gegen\u00fcber g\u00e4ngigen Angriffen ist? Wir pr\u00fcfen ihre technischen Sicherheitsma\u00dfnahmen nach g\u00e4ngigen Standards, wie z.B den CIS Critical Security Controls, in Bereichen wie:&nbsp;<\/p>\n\n\n\n<ul class=\"wp-block-list\">\n<li>\u00dcberpr\u00fcfung der Netzwerksicherheit, Systemh\u00e4rtung und Benutzerrechte<\/li>\n\n\n\n<li>Bewertung von Backup- und Notfallkonzepten<\/li>\n\n\n\n<li>Analyse von Sicherheitsrichtlinien, Prozessen und technischen Ma\u00dfnahmen<\/li>\n\n\n\n<li>Pr\u00fcfung von Cloud-Sicherheit und hybriden Infrastrukturen<\/li>\n<\/ul>\n\n\n\n<h3 class=\"wp-block-heading\">Compliance Audits<\/h3>\n\n\n\n<p>Als ersten, praxisnahen und niedrigschwelligen Standard hat das BSI den<\/p>\n\n\n\n<ul class=\"wp-block-list\">\n<li><a href=\"https:\/\/www.gric-it.com\/?page_id=279\" data-type=\"page\" data-id=\"279\">Cyber Risiko Check nach DIN SPEC 27076<\/a><\/li>\n<\/ul>\n\n\n\n<p>f\u00fcr kleine und mittelst\u00e4ndische Unternehmen entwickelt, quasi das &#8216;Seepferdchen&#8217; unter den Informationssicherheit-Zertifzierungen.\u00a0<\/p>\n\n\n\n<h3 class=\"wp-block-heading\">Interne Audits<\/h3>\n\n\n\n<p>Wenn Sie Ihr ISMS nach ISO 27001 zertifizieren lassen m\u00f6chten, m\u00fcssen Sie regelm\u00e4\u00dfige unabh\u00e4ngige eigene Audits durchf\u00fchren. Da das ISMS-Team meist schon mit Aufbau und Betrieb besch\u00e4ftigt ist, wird das ISMS-Audit oft extern vergeben. Ein internes Audit zeigt potenzielle Abweichungen rechtzeitig auf \u2013 bevor sie im Zertifizierungs-Audit auffallen.&nbsp;<\/p>\n\n\n\n<ul class=\"wp-block-list\">\n<li>Auditbericht zur gezielten Vorbereitung auf externe Pr\u00fcfungen<\/li>\n\n\n\n<li>Pr\u00fcfung der Konformit\u00e4t mit ISO 27001:2022<\/li>\n\n\n\n<li>\u00dcberpr\u00fcfung der Wirksamkeit von Prozessen und Kontrollen<\/li>\n<\/ul>\n\n\n\n<h3 class=\"wp-block-heading\">GAP Analysen<\/h3>\n\n\n\n<p>Sie m\u00f6chten wissen, welcher Aufwand f\u00fcr eine Zertifizierung nach BSI C5\u00a0oder die Einhaltung neuer Anforderungen wie NIS2 auf Sie zukommt? Mit einer strukturierten GAP-Analyse zeigen wir Ihnen den Ist-Zustand, identifizieren L\u00fccken und geben eine klare Roadmap zur Schlie\u00dfung.<\/p>\n\n\n\n<h3 class=\"wp-block-heading\">Durchf\u00fchrung<\/h3>\n\n\n\n<p>Die Schwerpunkte und den Umfang der Pr\u00fcfung legen wir individuell mit Ihnen fest \u2013 im Rahmen eines unverbindlichen Erstgespr\u00e4chs. Alle Ergebnisse bereiten wir so auf, dass Sie sie als Gesch\u00e4ftsf\u00fchrung sofort verstehen k\u00f6nnen. Ihre Fachabteilungen erhalten Sie konkrete, priorisierte Handlungsempfehlungen.<\/p>\n\n\n\n<p><strong>Unsere Audits schaffen Klarheit, bevor es kritisch wird \u2013 und geben Ihnen die Grundlage f\u00fcr wirksame Entscheidungen.<\/strong><\/p>\n\n\n\n<p><\/p>\n","protected":false},"excerpt":{"rendered":"<p>Wie sicher ist Ihre Unternehmen wirklich? Unsere unabh\u00e4ngigen Audits geben Ihnen eine ehrliche, fundierte Einsch\u00e4tzung \u2013 klar aufbereitet und basierend auf anerkannten Standards wie VdS 10000, DIN SPEC 27076, ISO 27001, BSI IT-Grundschutz oder CIS Controls.<\/p>\n","protected":false},"author":1,"featured_media":0,"parent":0,"menu_order":0,"comment_status":"closed","ping_status":"closed","template":"template-fullwidth.php","meta":{"footnotes":""},"class_list":["post-43","page","type-page","status-publish","hentry"],"_links":{"self":[{"href":"https:\/\/www.gric-it.com\/index.php?rest_route=\/wp\/v2\/pages\/43","targetHints":{"allow":["GET"]}}],"collection":[{"href":"https:\/\/www.gric-it.com\/index.php?rest_route=\/wp\/v2\/pages"}],"about":[{"href":"https:\/\/www.gric-it.com\/index.php?rest_route=\/wp\/v2\/types\/page"}],"author":[{"embeddable":true,"href":"https:\/\/www.gric-it.com\/index.php?rest_route=\/wp\/v2\/users\/1"}],"replies":[{"embeddable":true,"href":"https:\/\/www.gric-it.com\/index.php?rest_route=%2Fwp%2Fv2%2Fcomments&post=43"}],"version-history":[{"count":13,"href":"https:\/\/www.gric-it.com\/index.php?rest_route=\/wp\/v2\/pages\/43\/revisions"}],"predecessor-version":[{"id":319,"href":"https:\/\/www.gric-it.com\/index.php?rest_route=\/wp\/v2\/pages\/43\/revisions\/319"}],"wp:attachment":[{"href":"https:\/\/www.gric-it.com\/index.php?rest_route=%2Fwp%2Fv2%2Fmedia&parent=43"}],"curies":[{"name":"wp","href":"https:\/\/api.w.org\/{rel}","templated":true}]}}