{"id":309,"date":"2025-09-24T19:56:12","date_gmt":"2025-09-24T19:56:12","guid":{"rendered":"https:\/\/www.gric-it.com\/?page_id=309"},"modified":"2025-10-07T18:31:42","modified_gmt":"2025-10-07T18:31:42","slug":"team-2","status":"publish","type":"page","link":"https:\/\/www.gric-it.com\/?page_id=309","title":{"rendered":"Team"},"content":{"rendered":"\n<div class=\"wp-block-columns is-layout-flex wp-container-core-columns-is-layout-9d6595d7 wp-block-columns-is-layout-flex\">\n<div class=\"wp-block-column is-layout-flow wp-block-column-is-layout-flow\">\n<h3 class=\"wp-block-heading\"><strong>Frank Meinecke<\/strong><\/h3>\n\n\n\n<p><strong>Mitgr\u00fcnder &amp; Berater f\u00fcr Informationssicherheit<\/strong><\/p>\n\n\n\n<p>Frank ist ein erfahrener Cybersecurity-Experte mit mehr als 20 Jahren Erfahrung in den Bereichen IT-Architektur, Unternehmenssicherheit und digitale Transformation. Er unterst\u00fctzt Kunden bei der Entwicklung und Umsetzung von Sicherheitsstrategien, die sowohl technisch fundiert als auch den Anforderungen an Governance, Risiko und Compliance gerecht werden.<\/p>\n\n\n\n<p>Er verf\u00fcgt \u00fcber anerkannte Zertifizierungen wie <strong><a href=\"https:\/\/www.credly.com\/badges\/e1916b5d-2ca2-433b-b9ef-196b61a6e10e\/public_url\">CISSP<\/a><\/strong>, <strong><a href=\"https:\/\/www.credly.com\/badges\/a814b605-8dc2-4a18-8050-301564cc11e2\/public_url\">CISA<\/a><\/strong> und <strong><a href=\"https:\/\/www.credly.com\/badges\/b0a4fe64-6fb4-45c0-9199-2a48b9f16442\/public_url\">ISO 27001 Lead Auditor<\/a><\/strong>, die seine Kompetenz in Informationssicherheit und in der Durchf\u00fchrung von Audits unterstreichen.<\/p>\n\n\n\n<p>Seine besondere St\u00e4rke liegt in der F\u00e4higkeit, zwischen technischer Umsetzung und regulatorischen Anforderungen zu vermitteln, insbesondere in Bereichen wie Datenschutz, Risikomanagement und IT-Compliance.<\/p>\n\n\n\n<p>Neben seiner T\u00e4tigkeit im Unternehmen ist Frank weiterhin in einer leitenden Sicherheitsfunktion bei einem globalen Softwareanbieter t\u00e4tig. Diese kontinuierliche Praxiserfahrung in einem internationalen Umfeld bringt unseren Kunden einen direkten Mehrwert: aktuelle Einblicke in Bedrohungslagen, moderne Sicherheitsarchitekturen und ein tiefes Verst\u00e4ndnis f\u00fcr regulatorische Entwicklungen.<\/p>\n\n\n\n<p>Ob Cloud-Security, Datenschutz oder der Aufbau eines zertifizierbaren ISMS &#8211; Frank steht f\u00fcr pragmatische, umsetzbare L\u00f6sungen mit klarem Fokus auf sichere und effiziente Gesch\u00e4ftsprozesse.<\/p>\n<\/div>\n\n\n\n<div class=\"wp-block-column is-layout-flow wp-block-column-is-layout-flow\">\n<h3 class=\"wp-block-heading\" id=\"Sebastian\"><strong>Sebastian Wittgens<\/strong><\/h3>\n\n\n\n<p><strong>Mitgr\u00fcnder &amp; Berater f\u00fcr Cybersicherheit<\/strong><\/p>\n\n\n\n<p>Sebastian ist ein erfahrener IT-Architekt mit mehr als 15 Jahren Berufserfahrung in komplexen Unternehmensumgebungen. Sein Fokus liegt auf der sicheren, skalierbaren und zukunftsf\u00e4higen Gestaltung von IT-Infrastrukturen &#8211; mit besonderem Augenmerk auf Cloud-Plattformen und Automatisierung.<\/p>\n\n\n\n<p>Als Mitgr\u00fcnder des Unternehmens bringt Sebastian sein umfassendes technisches Know-how in Kundenprojekte ein. Durch seine langj\u00e4hrige Erfahrung in leitenden IT-Positionen bei einem international agierenden Softwareunternehmen kennt er die Herausforderungen gro\u00dfer IT-Landschaften aus erster Hand &#8211; ebenso wie die Wege, diese sicher und effizient zu gestalten.<\/p>\n\n\n\n<p>Sebastian ist davon \u00fcberzeugt, dass Sicherheit von Anfang an mitgedacht werden muss &#8211; nicht als Bremse, sondern als Enabler f\u00fcr stabile und belastbare IT-Systeme. Dabei setzt er auf eine durchdachte Architektur, saubere Automatisierung und klare Prozesse, um IT und Sicherheit nachhaltig zu verbinden.<\/p>\n\n\n\n<p>Neben seiner T\u00e4tigkeit als Berater ist Sebastian weiterhin in verantwortlicher Position bei einem Softwareanbieter t\u00e4tig. Dieses operative Know-how aus dem Tagesgesch\u00e4ft flie\u00dft direkt in unsere Kundenprojekte ein &#8211; praxisnah, aktuell und l\u00f6sungsorientiert.<\/p>\n<\/div>\n<\/div>\n\n\n\n<div class=\"wp-block-columns is-layout-flex wp-container-core-columns-is-layout-9d6595d7 wp-block-columns-is-layout-flex\">\n<div class=\"wp-block-column is-layout-flow wp-block-column-is-layout-flow\">\n<figure class=\"wp-block-image size-large\"><img loading=\"lazy\" decoding=\"async\" width=\"773\" height=\"1024\" src=\"https:\/\/www.gric-it.com\/wp-content\/uploads\/2025\/09\/DSC08028_crop-1-773x1024.jpg\" alt=\"\" class=\"wp-image-312\" srcset=\"https:\/\/www.gric-it.com\/wp-content\/uploads\/2025\/09\/DSC08028_crop-1-773x1024.jpg 773w, https:\/\/www.gric-it.com\/wp-content\/uploads\/2025\/09\/DSC08028_crop-1-226x300.jpg 226w, https:\/\/www.gric-it.com\/wp-content\/uploads\/2025\/09\/DSC08028_crop-1-768x1018.jpg 768w, https:\/\/www.gric-it.com\/wp-content\/uploads\/2025\/09\/DSC08028_crop-1.jpg 800w\" sizes=\"auto, (max-width: 773px) 100vw, 773px\" \/><\/figure>\n\n\n\n<div class=\"wp-block-group is-nowrap is-layout-flex wp-container-core-group-is-layout-ad2f72ca wp-block-group-is-layout-flex\">\n<div data-iframe-width=\"150\" data-iframe-height=\"270\" data-share-badge-id=\"e1916b5d-2ca2-433b-b9ef-196b61a6e10e\" data-share-badge-host=\"https:\/\/www.credly.com\"><\/div><script type=\"text\/javascript\" async src=\"\/\/cdn.credly.com\/assets\/utilities\/embed.js\"><\/script>\n\n\n\n<div data-iframe-width=\"150\" data-iframe-height=\"270\" data-share-badge-id=\"a814b605-8dc2-4a18-8050-301564cc11e2\" data-share-badge-host=\"https:\/\/www.credly.com\"><\/div><script type=\"text\/javascript\" async src=\"\/\/cdn.credly.com\/assets\/utilities\/embed.js\"><\/script>\n\n\n\n<div data-iframe-width=\"150\" data-iframe-height=\"270\" data-share-badge-id=\"b0a4fe64-6fb4-45c0-9199-2a48b9f16442\" data-share-badge-host=\"https:\/\/www.credly.com\"><\/div><script type=\"text\/javascript\" async src=\"\/\/cdn.credly.com\/assets\/utilities\/embed.js\"><\/script>\n\n\n\n<figure class=\"wp-block-image size-full is-resized\"><img loading=\"lazy\" decoding=\"async\" width=\"300\" height=\"448\" src=\"https:\/\/www.gric-it.com\/wp-content\/uploads\/2025\/09\/FK-Datenschutz_012027_ger_tc_p.png\" alt=\"\" class=\"wp-image-307\" style=\"width:159px;height:auto\" srcset=\"https:\/\/www.gric-it.com\/wp-content\/uploads\/2025\/09\/FK-Datenschutz_012027_ger_tc_p.png 300w, https:\/\/www.gric-it.com\/wp-content\/uploads\/2025\/09\/FK-Datenschutz_012027_ger_tc_p-201x300.png 201w\" sizes=\"auto, (max-width: 300px) 100vw, 300px\" \/><\/figure>\n<\/div>\n<\/div>\n\n\n\n<div class=\"wp-block-column is-layout-flow wp-block-column-is-layout-flow\">\n<figure class=\"wp-block-image size-large\"><img loading=\"lazy\" decoding=\"async\" width=\"773\" height=\"1024\" src=\"https:\/\/www.gric-it.com\/wp-content\/uploads\/2025\/09\/DSC08043_crop-1-773x1024.jpg\" alt=\"\" class=\"wp-image-313\" srcset=\"https:\/\/www.gric-it.com\/wp-content\/uploads\/2025\/09\/DSC08043_crop-1-773x1024.jpg 773w, https:\/\/www.gric-it.com\/wp-content\/uploads\/2025\/09\/DSC08043_crop-1-226x300.jpg 226w, https:\/\/www.gric-it.com\/wp-content\/uploads\/2025\/09\/DSC08043_crop-1-768x1018.jpg 768w, https:\/\/www.gric-it.com\/wp-content\/uploads\/2025\/09\/DSC08043_crop-1.jpg 800w\" sizes=\"auto, (max-width: 773px) 100vw, 773px\" \/><\/figure>\n\n\n\n<div data-iframe-width=\"150\" data-iframe-height=\"270\" data-share-badge-id=\"16bb0d0b-49a1-4c5e-9754-a75a5ccc34a7\" data-share-badge-host=\"https:\/\/www.credly.com\"><\/div><script type=\"text\/javascript\" async src=\"\/\/cdn.credly.com\/assets\/utilities\/embed.js\"><\/script>\n<\/div>\n<\/div>\n\n\n\n<p><\/p>\n","protected":false},"excerpt":{"rendered":"<p>Frank Meinecke Mitgr\u00fcnder &amp; Berater f\u00fcr Informationssicherheit Frank ist ein erfahrener Cybersecurity-Experte mit mehr als 20 Jahren Erfahrung in den Bereichen IT-Architektur, Unternehmenssicherheit und digitale Transformation. Er unterst\u00fctzt Kunden bei &#8230;<\/p>\n","protected":false},"author":2,"featured_media":0,"parent":0,"menu_order":0,"comment_status":"closed","ping_status":"closed","template":"template-fullwidth.php","meta":{"footnotes":""},"class_list":["post-309","page","type-page","status-publish","hentry"],"_links":{"self":[{"href":"https:\/\/www.gric-it.com\/index.php?rest_route=\/wp\/v2\/pages\/309","targetHints":{"allow":["GET"]}}],"collection":[{"href":"https:\/\/www.gric-it.com\/index.php?rest_route=\/wp\/v2\/pages"}],"about":[{"href":"https:\/\/www.gric-it.com\/index.php?rest_route=\/wp\/v2\/types\/page"}],"author":[{"embeddable":true,"href":"https:\/\/www.gric-it.com\/index.php?rest_route=\/wp\/v2\/users\/2"}],"replies":[{"embeddable":true,"href":"https:\/\/www.gric-it.com\/index.php?rest_route=%2Fwp%2Fv2%2Fcomments&post=309"}],"version-history":[{"count":5,"href":"https:\/\/www.gric-it.com\/index.php?rest_route=\/wp\/v2\/pages\/309\/revisions"}],"predecessor-version":[{"id":401,"href":"https:\/\/www.gric-it.com\/index.php?rest_route=\/wp\/v2\/pages\/309\/revisions\/401"}],"wp:attachment":[{"href":"https:\/\/www.gric-it.com\/index.php?rest_route=%2Fwp%2Fv2%2Fmedia&parent=309"}],"curies":[{"name":"wp","href":"https:\/\/api.w.org\/{rel}","templated":true}]}}