{"id":302,"date":"2025-10-10T21:20:51","date_gmt":"2025-10-10T21:20:51","guid":{"rendered":"https:\/\/www.gric-it.com\/?page_id=302"},"modified":"2025-10-10T21:20:52","modified_gmt":"2025-10-10T21:20:52","slug":"security-compliance-sales-beratung","status":"publish","type":"page","link":"https:\/\/www.gric-it.com\/?page_id=302","title":{"rendered":"Security Compliance Sales Beratung"},"content":{"rendered":"\n<p><strong>Von business-ready zu enterprise-approved \u2013 f\u00fcr den Eintritt in den US-Markt.<\/strong><\/p>\n\n\n\n<p>Viele deutsche Softwareprodukte sind <strong>business-ready<\/strong>: Sie l\u00f6sen konkrete Probleme, liefern Mehrwert und \u00fcberzeugen Anwender. Doch f\u00fcr die erfolgreiche Einf\u00fchrung in den USA reicht das nicht aus. US-Unternehmen pr\u00fcfen L\u00f6sungen streng nach <strong>Compliance-, Sicherheits- und Risikostandards<\/strong> \u2013 und letztlich entscheidet auch die Sicherheit.<\/p>\n\n\n\n<p>Mit unserem <strong>Security Compliance Sales Beratung<\/strong> unterst\u00fctzen wir deutsche Softwareunternehmen dabei, ihre L\u00f6sungen so zu positionieren, dass sie die hohen Anforderungen von US-Enterprise-Kunden erf\u00fcllen. Wir kombinieren <strong>praktische CISO-Erfahrung<\/strong>, <strong>exzellente Englischkenntnisse<\/strong> sowie <strong>langj\u00e4hrige Arbeitserfahrung in und mit US-Unternehmen<\/strong> mit einem tiefen Verst\u00e4ndnis der US-Sicherheits- und Unternehmenskultur.<\/p>\n\n\n\n<h3 class=\"wp-block-heading\">Unsere Leistungen<\/h3>\n\n\n\n<ul class=\"wp-block-list\">\n<li><strong>Enterprise Acceptance<\/strong> \u2013 Wir \u00fcbersetzen Ihr Produkt in ein Angebot, das den Erwartungen von US-CISOs entspricht.<\/li>\n\n\n\n<li><strong>Executive Credibility<\/strong> \u2013 Wir begleiten Gespr\u00e4che auf C-Level und schaffen Vertrauen bei CISOs und Entscheidungstr\u00e4gern.<\/li>\n\n\n\n<li><strong>Compliance als Enabler<\/strong> \u2013 Wir machen komplexe Frameworks und Zertifizierungen zu verkaufsf\u00f6rdernden Argumenten.<\/li>\n\n\n\n<li><strong>Security Questionnaires<\/strong> \u2013 Wir \u00fcbernehmen die Beantwortung und \u00dcbersetzung komplexer Sicherheitsfrageb\u00f6gen \u2013 pr\u00e4zise, verst\u00e4ndlich und verkaufsorientiert.<\/li>\n\n\n\n<li><strong>Sales Acceleration<\/strong> \u2013 Wir identifizieren und beseitigen Sicherheits-H\u00fcrden fr\u00fchzeitig, um Verkaufszyklen zu verk\u00fcrzen.<\/li>\n<\/ul>\n\n\n\n<p><strong>Ergebnis:<\/strong> Ihre L\u00f6sung wird nicht nur als technologisch stark wahrgenommen, sondern erf\u00fcllt auch die hohen Erwartungen der US-Enterprise-Kunden \u2013 und gewinnt so schneller Vertrauen.<\/p>\n","protected":false},"excerpt":{"rendered":"<p>Von business-ready zu enterprise-approved \u2013 f\u00fcr den Eintritt in den US-Markt. Viele deutsche Softwareprodukte sind business-ready: Sie l\u00f6sen konkrete Probleme, liefern Mehrwert und \u00fcberzeugen Anwender. Doch f\u00fcr die erfolgreiche Einf\u00fchrung &#8230;<\/p>\n","protected":false},"author":2,"featured_media":0,"parent":0,"menu_order":0,"comment_status":"closed","ping_status":"closed","template":"","meta":{"footnotes":""},"class_list":["post-302","page","type-page","status-publish","hentry"],"_links":{"self":[{"href":"https:\/\/www.gric-it.com\/index.php?rest_route=\/wp\/v2\/pages\/302","targetHints":{"allow":["GET"]}}],"collection":[{"href":"https:\/\/www.gric-it.com\/index.php?rest_route=\/wp\/v2\/pages"}],"about":[{"href":"https:\/\/www.gric-it.com\/index.php?rest_route=\/wp\/v2\/types\/page"}],"author":[{"embeddable":true,"href":"https:\/\/www.gric-it.com\/index.php?rest_route=\/wp\/v2\/users\/2"}],"replies":[{"embeddable":true,"href":"https:\/\/www.gric-it.com\/index.php?rest_route=%2Fwp%2Fv2%2Fcomments&post=302"}],"version-history":[{"count":3,"href":"https:\/\/www.gric-it.com\/index.php?rest_route=\/wp\/v2\/pages\/302\/revisions"}],"predecessor-version":[{"id":405,"href":"https:\/\/www.gric-it.com\/index.php?rest_route=\/wp\/v2\/pages\/302\/revisions\/405"}],"wp:attachment":[{"href":"https:\/\/www.gric-it.com\/index.php?rest_route=%2Fwp%2Fv2%2Fmedia&parent=302"}],"curies":[{"name":"wp","href":"https:\/\/api.w.org\/{rel}","templated":true}]}}