{"id":279,"date":"2025-07-16T22:06:20","date_gmt":"2025-07-16T22:06:20","guid":{"rendered":"https:\/\/www.gric-it.com\/?page_id=279"},"modified":"2025-07-16T22:12:34","modified_gmt":"2025-07-16T22:12:34","slug":"cyber-risiko-check","status":"publish","type":"page","link":"https:\/\/www.gric-it.com\/?page_id=279","title":{"rendered":"Cyber Risiko Check"},"content":{"rendered":"\n<p>Cyber Security pr\u00fcfen zum Festpreis \u2013 unabh\u00e4ngig, verst\u00e4ndlich, wirksam.<\/p>\n\n\n<div class=\"wp-block-image\">\n<figure class=\"alignright size-full\"><img loading=\"lazy\" decoding=\"async\" width=\"207\" height=\"238\" src=\"https:\/\/www.gric-it.com\/wp-content\/uploads\/2025\/07\/CyberRisikoCheck_Logo.png\" alt=\"\" class=\"wp-image-281\"\/><\/figure>\n<\/div>\n\n\n<p>Wie sicher ist Ihr Unternehmen wirklich? F\u00fcr kleine und mittelst\u00e4ndische Unternehmen hat das Bundesamt f\u00fcr Sicherheit in der Informationstechnik (BSI) den <strong><a href=\"https:\/\/www.bsi.bund.de\/DE\/Themen\/Unternehmen-und-Organisationen\/Informationen-und-Empfehlungen\/KMU\/CyberRisikoCheck\/CyberRisikoCheck_node.html\">CyberRisikoCheck nach DIN SPEC 27076<\/a><\/strong> entwickeln lassen, ein standardisiertes IT-Sicherheitsaudit f\u00fcr kleine und mittlere Unternehmen (KMU).<\/p>\n\n\n\n<p>Vor allen weiteren Schritten, Pr\u00fcfungen oder Zertifizierungen dient der Check zu Ihrer Standortbestimmung und liefert wertvolle Hinweise zu sinnvollen Ma\u00dfnahmen.<\/p>\n\n\n\n<p>In einem ca. 2-3-st\u00fcndigen Interview werden 27 Anforderungen aus sechs Themenbereichen systematisch erhoben und mithilfe der offiziellen BSI-Software ausgewertet. Sie erhalten einen verst\u00e4ndlichen Ergebnisbericht mit Gesamt- und Teilbewertungen sowie priorisierten, praxisorientierten Handlungsempfehlungen in einem pers\u00f6nlichen, ausf\u00fchrlichen Gespr\u00e4ch \u00fcbergeben.<\/p>\n\n\n\n<p><strong>Zielgruppe<\/strong><\/p>\n\n\n\n<ul class=\"wp-block-list\">\n<li>Gesch\u00e4ftsf\u00fchrer, Inhaber und IT-Verantwortliche von KMU<\/li>\n\n\n\n<li>Datenschutz- und Informationssicherheitsbeauftragte<\/li>\n\n\n\n<li>Unternehmen mit Bedarf an unabh\u00e4ngiger IT-Sicherheitsbewertung<\/li>\n<\/ul>\n\n\n\n<h3 class=\"wp-block-heading\">Ablauf<\/h3>\n\n\n\n<ol class=\"wp-block-list\">\n<li><strong>Strukturiertes Interview:<\/strong> Zwei bis dreist\u00fcndiges Interview mit Gesch\u00e4ftsf\u00fchrung, IT-Leitung oder Ihrem externem IT-Dienstleister anhand eines vorgegebenen Fragebogens.<\/li>\n\n\n\n<li><strong>Auswertung:<\/strong> Analyse mit Hilfe der offiziellen BSI-Software nach DIN SPEC 27076.<\/li>\n\n\n\n<li><strong>Ergebnisbesprechung:<\/strong> Pers\u00f6nliche Durchsprache des Berichts mit konkreten Handlungsempfehlungen.<\/li>\n\n\n\n<li><strong>Umsetzungshilfe auf Wunsch:<\/strong> Auch nach dem Cyber Risiko Check lassen wir Sie mit den Ergebnissen nicht alleine. Bei der Planung und Umsetzung der priorisierten Ma\u00dfnahmen begleiten wir Sie gerne. <\/li>\n<\/ol>\n\n\n\n<h3 class=\"wp-block-heading\">Umfang<\/h3>\n\n\n\n<p>Der Cyber-Risiko-Check umfasst die folgenden Gebiete:<\/p>\n\n\n\n<h4 class=\"wp-block-heading\">Organisation und Sensibilisierung<\/h4>\n\n\n\n<p>Betrachtung des Managements sowie der Kompetenzen und Sensibilisierung der Mitarbeitenden.<\/p>\n\n\n\n<h4 class=\"wp-block-heading\">IT-Systeme und Netzwerke: <\/h4>\n\n\n\n<p>Bewertung der Sicherheitsmechanismen hinter der eingesetzten Informations- und Kommunikationstechnik.<\/p>\n\n\n\n<h4 class=\"wp-block-heading\">Identit\u00e4ts- und Berechtigungsmanagement<\/h4>\n\n\n\n<p>\u00dcberpr\u00fcfung der Zugangs- und Zutrittsberechtigungen f\u00fcr physische und virtuelle Bereiche.<\/p>\n\n\n\n<h4 class=\"wp-block-heading\">Schutz vor Schadprogrammen<\/h4>\n\n\n\n<p>Bewertung des Schutzes vor Schadsoftware.<\/p>\n\n\n\n<h4 class=\"wp-block-heading\">Patch- und \u00c4nderungsmanagement<\/h4>\n\n\n\n<p>Pr\u00fcfung der Verf\u00fcgbarkeit und Aktualit\u00e4t der eingesetzten Hard- und Software.<\/p>\n\n\n\n<h4 class=\"wp-block-heading\">Datensicherung<\/h4>\n\n\n\n<p>\u00dcberpr\u00fcfung der Zust\u00e4ndigkeit, Umfang, H\u00e4ufigkeit und Verf\u00fcgbarkeit von Daten und deren Backups.<\/p>\n\n\n\n<h3 class=\"wp-block-heading\"><strong>Voraussetzungen<\/strong><\/h3>\n\n\n\n<ul class=\"wp-block-list\">\n<li>Teilnahme der Leitung sowie der verantwortlichen IT-Person<\/li>\n\n\n\n<li>F\u00fcr Online-Durchf\u00fchrung: Internetzugang und Teilnahme an Videokonferenzen<\/li>\n<\/ul>\n\n\n\n<h3 class=\"wp-block-heading\"><strong>Preisgestaltung<\/strong><\/h3>\n\n\n\n<ul class=\"wp-block-list\">\n<li>Wir bieten Ihnen den Cyber Risiko Check zum Festpreis von <strong>750 \u20ac<\/strong> (zzgl. MwSt.) an.<\/li>\n<\/ul>\n\n\n\n<h3 class=\"wp-block-heading\"><strong>Buchung und Kontak<\/strong>t<\/h3>\n\n\n\n<p>Nutzen Sie unser Kontaktformular um Ihren CyberRisikoCheck ganz bequem anzufragen. Online deutschlandweit &#8211; Vor Ort auf Anfrage. <\/p>\n\n\n\n<p><\/p>\n","protected":false},"excerpt":{"rendered":"<p>Cyber Security pr\u00fcfen zum Festpreis \u2013 unabh\u00e4ngig, verst\u00e4ndlich, wirksam. Wie sicher ist Ihr Unternehmen wirklich? F\u00fcr kleine und mittelst\u00e4ndische Unternehmen hat das Bundesamt f\u00fcr Sicherheit in der Informationstechnik (BSI) den &#8230;<\/p>\n","protected":false},"author":2,"featured_media":0,"parent":0,"menu_order":0,"comment_status":"closed","ping_status":"closed","template":"template-fullwidth.php","meta":{"footnotes":""},"class_list":["post-279","page","type-page","status-publish","hentry"],"_links":{"self":[{"href":"https:\/\/www.gric-it.com\/index.php?rest_route=\/wp\/v2\/pages\/279","targetHints":{"allow":["GET"]}}],"collection":[{"href":"https:\/\/www.gric-it.com\/index.php?rest_route=\/wp\/v2\/pages"}],"about":[{"href":"https:\/\/www.gric-it.com\/index.php?rest_route=\/wp\/v2\/types\/page"}],"author":[{"embeddable":true,"href":"https:\/\/www.gric-it.com\/index.php?rest_route=\/wp\/v2\/users\/2"}],"replies":[{"embeddable":true,"href":"https:\/\/www.gric-it.com\/index.php?rest_route=%2Fwp%2Fv2%2Fcomments&post=279"}],"version-history":[{"count":2,"href":"https:\/\/www.gric-it.com\/index.php?rest_route=\/wp\/v2\/pages\/279\/revisions"}],"predecessor-version":[{"id":286,"href":"https:\/\/www.gric-it.com\/index.php?rest_route=\/wp\/v2\/pages\/279\/revisions\/286"}],"wp:attachment":[{"href":"https:\/\/www.gric-it.com\/index.php?rest_route=%2Fwp%2Fv2%2Fmedia&parent=279"}],"curies":[{"name":"wp","href":"https:\/\/api.w.org\/{rel}","templated":true}]}}